{"id":10,"date":"2026-01-09T16:17:14","date_gmt":"2026-01-09T16:17:14","guid":{"rendered":"https:\/\/francispinturas.rkinformatika.online\/?page_id=10"},"modified":"2026-01-12T13:44:19","modified_gmt":"2026-01-12T13:44:19","slug":"inicio","status":"publish","type":"page","link":"https:\/\/francispinturas.com\/eu\/","title":{"rendered":"Hasiera"},"content":{"rendered":"<div data-elementor-type=\"wp-page\" data-elementor-id=\"10\" class=\"elementor elementor-10\" data-elementor-post-type=\"page\">\n\t\t\t\t<div class=\"elementor-element elementor-element-b3270b9 e-flex e-con-boxed elementor-invisible e-con e-parent\" data-id=\"b3270b9\" data-element_type=\"container\" data-e-type=\"container\" data-settings=\"{&quot;background_background&quot;:&quot;classic&quot;,&quot;animation&quot;:&quot;zoomIn&quot;}\">\n\t\t\t\t\t<div class=\"e-con-inner\">\n\t\t\t\t\t<\/div>\n\t\t\t\t<\/div>\n\t\t<div class=\"elementor-element elementor-element-0eed1e1 e-flex e-con-boxed e-con e-parent\" data-id=\"0eed1e1\" data-element_type=\"container\" data-e-type=\"container\">\n\t\t\t\t\t<div class=\"e-con-inner\">\n\t\t<div class=\"elementor-element elementor-element-3e1904a e-con-full e-flex elementor-invisible e-con e-child\" data-id=\"3e1904a\" data-element_type=\"container\" data-e-type=\"container\" data-settings=\"{&quot;animation&quot;:&quot;fadeInLeft&quot;}\">\n\t\t\t\t<div class=\"elementor-element elementor-element-e3dc232 elementor-widget elementor-widget-heading\" data-id=\"e3dc232\" data-element_type=\"widget\" data-e-type=\"widget\" data-widget_type=\"heading.default\">\n\t\t\t\t\t<h2 class=\"elementor-heading-title elementor-size-default\">Guri Buruz<\/h2>\t\t\t\t<\/div>\n\t\t\t\t<div class=\"elementor-element elementor-element-4c42e0a elementor-widget elementor-widget-text-editor\" data-id=\"4c42e0a\" data-element_type=\"widget\" data-e-type=\"widget\" data-widget_type=\"text-editor.default\">\n\t\t\t\t\t\t\t\t\t<p>Barruko zein kanpoko pinturan lan egiten dugu, teknika modernoak eta kalitate handiko materialak erabiliz, akabera iraunkorrak eta estetikoak bermatzeko. Hainbat zerbitzutan espezializatzen gara, besteak beste, paper margotua kendu eta jartzea, zurez eta metalez margotzea, eta altzariak, ateak eta armairuak pintatzea eta lakatzea.<\/p>\t\t\t\t\t\t\t\t<\/div>\n\t\t\t\t<\/div>\n\t\t<div class=\"elementor-element elementor-element-7f3b389 e-con-full e-flex elementor-invisible e-con e-child\" data-id=\"7f3b389\" data-element_type=\"container\" data-e-type=\"container\" data-settings=\"{&quot;animation&quot;:&quot;fadeInRight&quot;}\">\n\t\t\t\t<div class=\"elementor-element elementor-element-c5fad07 elementor-widget elementor-widget-image\" data-id=\"c5fad07\" data-element_type=\"widget\" data-e-type=\"widget\" data-widget_type=\"image.default\">\n\t\t\t\t\t\t\t\t\t\t\t\t\t\t\t<img fetchpriority=\"high\" decoding=\"async\" width=\"800\" height=\"534\" src=\"https:\/\/francispinturas.com\/wp-content\/uploads\/2026\/01\/527-1024x683.jpg\" class=\"attachment-large size-large wp-image-129\" alt=\"\" srcset=\"https:\/\/francispinturas.com\/wp-content\/uploads\/2026\/01\/527-1024x683.jpg 1024w, https:\/\/francispinturas.com\/wp-content\/uploads\/2026\/01\/527-300x200.jpg 300w, https:\/\/francispinturas.com\/wp-content\/uploads\/2026\/01\/527-768x512.jpg 768w, https:\/\/francispinturas.com\/wp-content\/uploads\/2026\/01\/527-18x12.jpg 18w, https:\/\/francispinturas.com\/wp-content\/uploads\/2026\/01\/527.jpg 1500w\" sizes=\"(max-width: 800px) 100vw, 800px\" \/>\t\t\t\t\t\t\t\t\t\t\t\t\t\t\t<\/div>\n\t\t\t\t<\/div>\n\t\t<div class=\"elementor-element elementor-element-01cfe88 e-con-full e-flex elementor-invisible e-con e-child\" data-id=\"01cfe88\" data-element_type=\"container\" data-e-type=\"container\" data-settings=\"{&quot;animation&quot;:&quot;fadeInLeft&quot;}\">\n\t\t\t\t<div class=\"elementor-element elementor-element-e35f3ea elementor-widget elementor-widget-image\" data-id=\"e35f3ea\" data-element_type=\"widget\" data-e-type=\"widget\" data-widget_type=\"image.default\">\n\t\t\t\t\t\t\t\t\t\t\t\t\t\t\t<img decoding=\"async\" width=\"800\" height=\"534\" src=\"https:\/\/francispinturas.com\/wp-content\/uploads\/2026\/01\/21033380-1024x683.jpg\" class=\"attachment-large size-large wp-image-130\" alt=\"\" srcset=\"https:\/\/francispinturas.com\/wp-content\/uploads\/2026\/01\/21033380-1024x683.jpg 1024w, https:\/\/francispinturas.com\/wp-content\/uploads\/2026\/01\/21033380-300x200.jpg 300w, https:\/\/francispinturas.com\/wp-content\/uploads\/2026\/01\/21033380-768x512.jpg 768w, https:\/\/francispinturas.com\/wp-content\/uploads\/2026\/01\/21033380-18x12.jpg 18w, https:\/\/francispinturas.com\/wp-content\/uploads\/2026\/01\/21033380.jpg 1500w\" sizes=\"(max-width: 800px) 100vw, 800px\" \/>\t\t\t\t\t\t\t\t\t\t\t\t\t\t\t<\/div>\n\t\t\t\t<\/div>\n\t\t<div class=\"elementor-element elementor-element-f8bf850 e-con-full e-flex elementor-invisible e-con e-child\" data-id=\"f8bf850\" data-element_type=\"container\" data-e-type=\"container\" data-settings=\"{&quot;animation&quot;:&quot;fadeInRight&quot;}\">\n\t\t\t\t<div class=\"elementor-element elementor-element-e052d91 elementor-widget elementor-widget-text-editor\" data-id=\"e052d91\" data-element_type=\"widget\" data-e-type=\"widget\" data-widget_type=\"text-editor.default\">\n\t\t\t\t\t\t\t\t\t<p>Margolari profesional baten bila zabiltza Bilbon edo inguruetan? Pinturaren sektorean 40 urte baino gehiagoko esperientzia duen enpresa gara, eta kalitate handiko emaitzak, seriotasuna eta bezero bakoitzarekin gertuko tratua eskaintzen ditugu beti.<\/p><p>Aunque trabajamos principalmente en Bilbao, tambi\u00e9n ofrecemos nuestros servicios en Basauri, S\u00f3pela, Urduliz, Getxo y Leioa.<\/p>\t\t\t\t\t\t\t\t<\/div>\n\t\t\t\t<\/div>\n\t\t\t\t\t<\/div>\n\t\t\t\t<\/div>\n\t\t<div class=\"elementor-element elementor-element-cbd986f e-flex e-con-boxed elementor-invisible e-con e-parent\" data-id=\"cbd986f\" data-element_type=\"container\" data-e-type=\"container\" data-settings=\"{&quot;background_background&quot;:&quot;classic&quot;,&quot;animation&quot;:&quot;fadeInUp&quot;}\">\n\t\t\t\t\t<div class=\"e-con-inner\">\n\t\t\t\t<div class=\"elementor-element elementor-element-3f1e26b elementor-widget elementor-widget-heading\" data-id=\"3f1e26b\" data-element_type=\"widget\" data-e-type=\"widget\" data-settings=\"{&quot;_animation&quot;:&quot;none&quot;}\" data-widget_type=\"heading.default\">\n\t\t\t\t\t<h2 class=\"elementor-heading-title elementor-size-default\">Kalitatea eta esperientzia pintura lanetan<\/h2>\t\t\t\t<\/div>\n\t\t\t\t<div class=\"elementor-element elementor-element-c4e2798 elementor-align-center elementor-widget elementor-widget-button\" data-id=\"c4e2798\" data-element_type=\"widget\" data-e-type=\"widget\" data-widget_type=\"button.default\">\n\t\t\t\t\t\t\t\t\t\t<a class=\"elementor-button elementor-button-link elementor-size-sm\" href=\"https:\/\/francispinturas.com\/eu\/servicios\/\">\n\t\t\t\t\t\t<span class=\"elementor-button-content-wrapper\">\n\t\t\t\t\t\t\t\t\t<span class=\"elementor-button-text\">Zerbitzuak<\/span>\n\t\t\t\t\t<\/span>\n\t\t\t\t\t<\/a>\n\t\t\t\t\t\t\t\t<\/div>\n\t\t\t\t\t<\/div>\n\t\t\t\t<\/div>\n\t\t\t\t<\/div>","protected":false},"excerpt":{"rendered":"<p>Sobre Nosotros: Trabajamos tanto en pintura interior como exterior, utilizando t\u00e9cnicas modernas y materiales de primera calidad para garantizar acabados duraderos y est\u00e9ticos. Nos especializamos en una amplia variedad de servicios, entre los que se incluyen la retirada y colocaci\u00f3n de papel pintado, la pintura en madera y metal, as\u00ed como la pintura y lacado [&hellip;]<\/p>\n","protected":false},"author":1,"featured_media":0,"parent":0,"menu_order":0,"comment_status":"closed","ping_status":"closed","template":"elementor_canvas","meta":{"footnotes":""},"class_list":["post-10","page","type-page","status-publish","hentry"],"yoast_head":"<!-- This site is optimized with the Yoast SEO plugin v27.4 - https:\/\/yoast.com\/product\/yoast-seo-wordpress\/ -->\n<title>Inicio - FRANCIS PINTURAS<\/title>\n<meta name=\"robots\" content=\"index, follow, max-snippet:-1, max-image-preview:large, max-video-preview:-1\" \/>\n<link rel=\"canonical\" href=\"https:\/\/francispinturas.com\/eu\/\" \/>\n<meta property=\"og:locale\" content=\"en_US\" \/>\n<meta property=\"og:type\" content=\"article\" \/>\n<meta property=\"og:title\" content=\"Inicio - FRANCIS PINTURAS\" \/>\n<meta property=\"og:description\" content=\"Sobre Nosotros: Trabajamos tanto en pintura interior como exterior, utilizando t\u00e9cnicas modernas y materiales de primera calidad para garantizar acabados duraderos y est\u00e9ticos. Nos especializamos en una amplia variedad de servicios, entre los que se incluyen la retirada y colocaci\u00f3n de papel pintado, la pintura en madera y metal, as\u00ed como la pintura y lacado [&hellip;]\" \/>\n<meta property=\"og:url\" content=\"https:\/\/francispinturas.com\/eu\/\" \/>\n<meta property=\"og:site_name\" content=\"FRANCIS PINTURAS\" \/>\n<meta property=\"article:modified_time\" content=\"2026-01-12T13:44:19+00:00\" \/>\n<meta property=\"og:image\" content=\"https:\/\/francispinturas.com\/wp-content\/uploads\/2026\/01\/527-1024x683.jpg\" \/>\n<meta name=\"twitter:card\" content=\"summary_large_image\" \/>\n<meta name=\"twitter:label1\" content=\"Est. reading time\" \/>\n\t<meta name=\"twitter:data1\" content=\"1 minutua\" \/>\n<script type=\"application\/ld+json\" class=\"yoast-schema-graph\">{\"@context\":\"https:\\\/\\\/schema.org\",\"@graph\":[{\"@type\":\"WebPage\",\"@id\":\"https:\\\/\\\/francispinturas.com\\\/\",\"url\":\"https:\\\/\\\/francispinturas.com\\\/\",\"name\":\"Inicio - FRANCIS PINTURAS\",\"isPartOf\":{\"@id\":\"https:\\\/\\\/francispinturas.com\\\/#website\"},\"primaryImageOfPage\":{\"@id\":\"https:\\\/\\\/francispinturas.com\\\/#primaryimage\"},\"image\":{\"@id\":\"https:\\\/\\\/francispinturas.com\\\/#primaryimage\"},\"thumbnailUrl\":\"https:\\\/\\\/francispinturas.com\\\/wp-content\\\/uploads\\\/2026\\\/01\\\/527-1024x683.jpg\",\"datePublished\":\"2026-01-09T16:17:14+00:00\",\"dateModified\":\"2026-01-12T13:44:19+00:00\",\"breadcrumb\":{\"@id\":\"https:\\\/\\\/francispinturas.com\\\/#breadcrumb\"},\"inLanguage\":\"eu\",\"potentialAction\":[{\"@type\":\"ReadAction\",\"target\":[\"https:\\\/\\\/francispinturas.com\\\/\"]}]},{\"@type\":\"ImageObject\",\"inLanguage\":\"eu\",\"@id\":\"https:\\\/\\\/francispinturas.com\\\/#primaryimage\",\"url\":\"https:\\\/\\\/francispinturas.com\\\/wp-content\\\/uploads\\\/2026\\\/01\\\/527-1024x683.jpg\",\"contentUrl\":\"https:\\\/\\\/francispinturas.com\\\/wp-content\\\/uploads\\\/2026\\\/01\\\/527-1024x683.jpg\"},{\"@type\":\"BreadcrumbList\",\"@id\":\"https:\\\/\\\/francispinturas.com\\\/#breadcrumb\",\"itemListElement\":[{\"@type\":\"ListItem\",\"position\":1,\"name\":\"Portada\",\"item\":\"https:\\\/\\\/francispinturas.com\\\/\"},{\"@type\":\"ListItem\",\"position\":2,\"name\":\"Inicio\"}]},{\"@type\":\"WebSite\",\"@id\":\"https:\\\/\\\/francispinturas.com\\\/#website\",\"url\":\"https:\\\/\\\/francispinturas.com\\\/\",\"name\":\"FRANCIS PINTURAS\",\"description\":\"\",\"publisher\":{\"@id\":\"https:\\\/\\\/francispinturas.com\\\/#organization\"},\"potentialAction\":[{\"@type\":\"SearchAction\",\"target\":{\"@type\":\"EntryPoint\",\"urlTemplate\":\"https:\\\/\\\/francispinturas.com\\\/?s={search_term_string}\"},\"query-input\":{\"@type\":\"PropertyValueSpecification\",\"valueRequired\":true,\"valueName\":\"search_term_string\"}}],\"inLanguage\":\"eu\"},{\"@type\":\"Organization\",\"@id\":\"https:\\\/\\\/francispinturas.com\\\/#organization\",\"name\":\"FRANCIS PINTURAS\",\"url\":\"https:\\\/\\\/francispinturas.com\\\/\",\"logo\":{\"@type\":\"ImageObject\",\"inLanguage\":\"eu\",\"@id\":\"https:\\\/\\\/francispinturas.com\\\/#\\\/schema\\\/logo\\\/image\\\/\",\"url\":\"https:\\\/\\\/francispinturas.com\\\/wp-content\\\/uploads\\\/2026\\\/01\\\/cropped-geronimooviedo202512_logo_web.png\",\"contentUrl\":\"https:\\\/\\\/francispinturas.com\\\/wp-content\\\/uploads\\\/2026\\\/01\\\/cropped-geronimooviedo202512_logo_web.png\",\"width\":1080,\"height\":657,\"caption\":\"FRANCIS PINTURAS\"},\"image\":{\"@id\":\"https:\\\/\\\/francispinturas.com\\\/#\\\/schema\\\/logo\\\/image\\\/\"}}]}<\/script>\n<!-- \/ Yoast SEO plugin. -->","yoast_head_json":{"title":"Inicio - FRANCIS PINTURAS","robots":{"index":"index","follow":"follow","max-snippet":"max-snippet:-1","max-image-preview":"max-image-preview:large","max-video-preview":"max-video-preview:-1"},"canonical":"https:\/\/francispinturas.com\/eu\/","og_locale":"en_US","og_type":"article","og_title":"Inicio - FRANCIS PINTURAS","og_description":"Sobre Nosotros: Trabajamos tanto en pintura interior como exterior, utilizando t\u00e9cnicas modernas y materiales de primera calidad para garantizar acabados duraderos y est\u00e9ticos. Nos especializamos en una amplia variedad de servicios, entre los que se incluyen la retirada y colocaci\u00f3n de papel pintado, la pintura en madera y metal, as\u00ed como la pintura y lacado [&hellip;]","og_url":"https:\/\/francispinturas.com\/eu\/","og_site_name":"FRANCIS PINTURAS","article_modified_time":"2026-01-12T13:44:19+00:00","og_image":[{"url":"https:\/\/francispinturas.com\/wp-content\/uploads\/2026\/01\/527-1024x683.jpg","type":"","width":"","height":""}],"twitter_card":"summary_large_image","twitter_misc":{"Est. reading time":"1 minutua"},"schema":{"@context":"https:\/\/schema.org","@graph":[{"@type":"WebPage","@id":"https:\/\/francispinturas.com\/","url":"https:\/\/francispinturas.com\/","name":"Inicio - FRANCIS PINTURAS","isPartOf":{"@id":"https:\/\/francispinturas.com\/#website"},"primaryImageOfPage":{"@id":"https:\/\/francispinturas.com\/#primaryimage"},"image":{"@id":"https:\/\/francispinturas.com\/#primaryimage"},"thumbnailUrl":"https:\/\/francispinturas.com\/wp-content\/uploads\/2026\/01\/527-1024x683.jpg","datePublished":"2026-01-09T16:17:14+00:00","dateModified":"2026-01-12T13:44:19+00:00","breadcrumb":{"@id":"https:\/\/francispinturas.com\/#breadcrumb"},"inLanguage":"eu","potentialAction":[{"@type":"ReadAction","target":["https:\/\/francispinturas.com\/"]}]},{"@type":"ImageObject","inLanguage":"eu","@id":"https:\/\/francispinturas.com\/#primaryimage","url":"https:\/\/francispinturas.com\/wp-content\/uploads\/2026\/01\/527-1024x683.jpg","contentUrl":"https:\/\/francispinturas.com\/wp-content\/uploads\/2026\/01\/527-1024x683.jpg"},{"@type":"BreadcrumbList","@id":"https:\/\/francispinturas.com\/#breadcrumb","itemListElement":[{"@type":"ListItem","position":1,"name":"Portada","item":"https:\/\/francispinturas.com\/"},{"@type":"ListItem","position":2,"name":"Inicio"}]},{"@type":"WebSite","@id":"https:\/\/francispinturas.com\/#website","url":"https:\/\/francispinturas.com\/","name":"FRANCIS PINTURAS","description":"","publisher":{"@id":"https:\/\/francispinturas.com\/#organization"},"potentialAction":[{"@type":"SearchAction","target":{"@type":"EntryPoint","urlTemplate":"https:\/\/francispinturas.com\/?s={search_term_string}"},"query-input":{"@type":"PropertyValueSpecification","valueRequired":true,"valueName":"search_term_string"}}],"inLanguage":"eu"},{"@type":"Organization","@id":"https:\/\/francispinturas.com\/#organization","name":"FRANCIS PINTURAS","url":"https:\/\/francispinturas.com\/","logo":{"@type":"ImageObject","inLanguage":"eu","@id":"https:\/\/francispinturas.com\/#\/schema\/logo\/image\/","url":"https:\/\/francispinturas.com\/wp-content\/uploads\/2026\/01\/cropped-geronimooviedo202512_logo_web.png","contentUrl":"https:\/\/francispinturas.com\/wp-content\/uploads\/2026\/01\/cropped-geronimooviedo202512_logo_web.png","width":1080,"height":657,"caption":"FRANCIS PINTURAS"},"image":{"@id":"https:\/\/francispinturas.com\/#\/schema\/logo\/image\/"}}]}},"_links":{"self":[{"href":"https:\/\/francispinturas.com\/eu\/wp-json\/wp\/v2\/pages\/10","targetHints":{"allow":["GET"]}}],"collection":[{"href":"https:\/\/francispinturas.com\/eu\/wp-json\/wp\/v2\/pages"}],"about":[{"href":"https:\/\/francispinturas.com\/eu\/wp-json\/wp\/v2\/types\/page"}],"author":[{"embeddable":true,"href":"https:\/\/francispinturas.com\/eu\/wp-json\/wp\/v2\/users\/1"}],"replies":[{"embeddable":true,"href":"https:\/\/francispinturas.com\/eu\/wp-json\/wp\/v2\/comments?post=10"}],"version-history":[{"count":91,"href":"https:\/\/francispinturas.com\/eu\/wp-json\/wp\/v2\/pages\/10\/revisions"}],"predecessor-version":[{"id":250,"href":"https:\/\/francispinturas.com\/eu\/wp-json\/wp\/v2\/pages\/10\/revisions\/250"}],"wp:attachment":[{"href":"https:\/\/francispinturas.com\/eu\/wp-json\/wp\/v2\/media?parent=10"}],"curies":[{"name":"wp","href":"https:\/\/api.w.org\/{rel}","templated":true}]}}